{"id":67,"date":"2025-03-14T14:38:50","date_gmt":"2025-03-14T13:38:50","guid":{"rendered":"https:\/\/www.pesarourbino.com\/?page_id=67"},"modified":"2025-07-09T07:52:59","modified_gmt":"2025-07-09T05:52:59","slug":"urbino","status":"publish","type":"page","link":"https:\/\/www.pesarourbino.com\/?page_id=67","title":{"rendered":"Urbino"},"content":{"rendered":"<div class=\"wp-block-image\">\n<figure class=\"alignright size-large is-resized\"><img loading=\"lazy\" decoding=\"async\" width=\"1024\" height=\"921\" src=\"https:\/\/www.pesarourbino.com\/wp-content\/uploads\/2025\/03\/palazzo_ducale_urbino-1024x921.jpg\" alt=\"\" class=\"wp-image-110\" style=\"width:201px;height:auto\" srcset=\"https:\/\/www.pesarourbino.com\/wp-content\/uploads\/2025\/03\/palazzo_ducale_urbino-1024x921.jpg 1024w, https:\/\/www.pesarourbino.com\/wp-content\/uploads\/2025\/03\/palazzo_ducale_urbino-300x270.jpg 300w, https:\/\/www.pesarourbino.com\/wp-content\/uploads\/2025\/03\/palazzo_ducale_urbino-768x691.jpg 768w, https:\/\/www.pesarourbino.com\/wp-content\/uploads\/2025\/03\/palazzo_ducale_urbino-1536x1381.jpg 1536w, https:\/\/www.pesarourbino.com\/wp-content\/uploads\/2025\/03\/palazzo_ducale_urbino-2048x1841.jpg 2048w\" sizes=\"auto, (max-width: 1024px) 100vw, 1024px\" \/><\/figure>\n<\/div>\n\n\n<p>La citt\u00e0 di Urbino, patrimonio mondiale dell&#8217;UNESCO, \u00e8 universalmente riconosciuta come una delle capitali del Rinascimento italiano.<br>A tale periodo rimandano infatti i numerosi edifici del centro storico, primo fra tutti il bellissimo <strong>Palazzo Ducale<\/strong> con i due Torricini che ne caratterizzano la facciata, simbolo del potere e della ricchezza dei duchi del Montefeltro. Ricco di ambienti suggestivi come il Cortile d&#8217;Onore, i Sotterranei e lo Studiolo, il palazzo \u00e8 oggi sede della <strong>Galleria Nazionale delle Marche<\/strong>, il cui apparato pittorico conta dei veri e propri capolavori: la &#8220;Flagellazione&#8221; e la &#8220;Madonna di Senigallia&#8221; di Piero della Francesca, la &#8220;Muta&#8221; di Raffaello, la &#8220;Profanazione dell&#8217;Ostia&#8221; di Paolo Uccello e la &#8220;Citt\u00e0 Ideale&#8221; del Laurana.<br>Nell&#8217;antico quartiere artigianale \u00e8 invece possibile visitare la <strong>Casa natale di Raffaello Sanzio<\/strong>. In questa abitazione il pittore trascorse i primi anni della sua vita a contatto con l&#8217;arte, appresa nella bottega del padre Giovanni Santi.<br>Nel quartiere medievale di San Giovanni si trovano due piccoli oratori che custodiscono grandi opere d&#8217;arte. Nell&#8217;<strong>Oratorio di S. Giovanni<\/strong> \u00e8 conservato un ciclo di affreschi del primo Quattrocento, eseguito dai fratelli Salimbeni di Sanseverino, illustri testimoni del &#8220;gotico internazionale&#8221;. L&#8217;<strong>Oratorio di S. Giuseppe <\/strong>contiene un bel presepe di Federico Brandani, gruppo scultoreo sioni naturali realizzato tra il 1545 e il 1550.<\/p>\n\n\n\n<p>\u2026\u2026\u2026\u2026\u2026\u2026\u2026\u2026\u2026\u2026\u2026\u2026\u2026\u2026\u2026\u2026\u2026\u2026\u2026\u2026\u2026\u2026\u2026\u2026\u2026\u2026\u2026\u2026\u2026\u2026..<\/p>\n\n\n\n<p><em>Le visite guidate si effettuano su prenotazione tutti i giorni feriali e festivi, con orario da concordare. La tariffa varia in base al numero dei partecipanti e include: servizio guida per il percorso indicato e sono esclusi i biglietti d&#8217;ingresso alle strutture museali indicati nell&#8217;itinerario.<\/em><\/p>\n\n\n\n<p class=\"has-medium-font-size\">ITINERARI DI MEZZA GIORNATA<br><br><strong>1 &#8211; Invito a Palazzo<\/strong><br>Itinerario: Palazzo Ducale e Galleria Nazionale delle Marche.<\/p>\n\n\n\n<p><em>Un percorso guidato all&#8217;interno del &#8220;Palazzo in forma di citt\u00e0&#8221; che si snoda attraverso ambienti carichi di suggestioni: Cortile d&#8217;Onore, Biblioteca del Duca, Appartamento della Jole, Appartamento degli Ospiti, Appartamento del Duca, Appartamento della Duchessa, Sotterranei. Un tuffo nella storia che vi permetter\u00e0 di scoprire la quotidianit\u00e0 della vita di corte nonch\u00e9 i grandi capolavori della Galleria Nazionale delle Marche realizzati dai pi\u00f9 grandi artisti del Rianscimento: Piero della Francesca, Paolo Uccello, Giusto di Gand, Raffaello, Tiziano, ecc.<\/em><\/p>\n\n\n\n<p>Durata del percorso: 2 ore circa<\/p>\n\n\n\n<p><strong>Tariffe (si prega di contattare i recapiti indicati)<\/strong><br>\u2026\u2026\u2026\u2026\u2026\u2026\u2026\u2026\u2026\u2026\u2026\u2026\u2026\u2026\u2026\u2026\u2026\u2026\u2026\u2026\u2026\u2026\u2026\u2026\u2026\u2026\u2026\u2026\u2026\u2026\u2026\u2026\u2026\u2026..<\/p>\n\n\n\n<p><strong>2 &#8211; Urbino &#8220;citt\u00e0 ideale&#8221;<\/strong><br>Itinerario: Palazzo Ducale\/Galleria Nazionale delle Marche e centro storico.<\/p>\n\n\n\n<p><em>La visita inizia dal centro storico di Urbino, costituito da un fitto tessuto urbanistico fatto di spazi suggestivi: la Rampa del Martini, la celebre facciata dei &#8216;Torricini&#8217;, il Duomo, Piazza del Rinascimento e il punto panoramico. Al centro di questo tessuto vi \u00e8 il Palazzo Ducale: una vera e propria citt\u00e0 nella citt\u00e0. L&#8217;itinerario all&#8217;interno della residenza si concentrer\u00e0 nell&#8217;illustrazione dei capolavori della Galleria Nazionale delle Marche in un percorso che si snoda attraverso vari ambienti: il Cortile d&#8217;Onore, la Biblioteca del Duca, l&#8217;Appartamento del Duca, l&#8217;Appartamento della Duchessa, i Sotterranei, ecc.<\/em><\/p>\n\n\n\n<p>Durata del percorso: 2 ore circa<\/p>\n\n\n\n<p><strong>Tariffe (si prega di contattare i recapiti indicati)<\/strong><\/p>\n\n\n\n<p>\u2026\u2026\u2026\u2026\u2026\u2026\u2026\u2026\u2026\u2026\u2026\u2026\u2026\u2026\u2026\u2026\u2026\u2026\u2026\u2026\u2026\u2026\u2026\u2026\u2026\u2026\u2026\u2026\u2026\u2026\u2026\u2026\u2026\u2026<\/p>\n\n\n\n<p><strong>3 &#8211; Il Duca e il Divin Pittore<\/strong><br>Itinerario: Palazzo Ducale\/Galleria Nazionale delle Marche e Casa natale di Raffaello.<\/p>\n\n\n\n<p><em>Il percorso di visita attraversa i due quartieri principali di Urbino, quello nobile del Poggio e quello artigiano del Monte, che custodiscono due importanti &#8220;case-museo&#8221;: il Palazzo Ducale e la Casa Natale di Raffaello, espressione delle grandi personalit\u00e0 del Duca Federico da Montefeltro e del &#8220;Divin Pittore&#8221; Raffaello Sanzio. La visita degli ambienti pi\u00f9 significativi verr\u00e0 affiancata dall&#8217;illustrazione delle opere di maggior interesse dei due musei, gettando un ponte ideale tra l&#8217;artista e il suo committente, tra i luoghi della citt\u00e0 e le persone che la abitano.<\/em><\/p>\n\n\n\n<p>Durata del percorso: 2 ore 30 min. circa<\/p>\n\n\n\n<p><strong>Tariffe (si prega di contattare i recapiti indicati)<\/strong><\/p>\n\n\n\n<p class=\"has-medium-font-size\"><br><strong>ITINERARI DI UNA GIORNATA<\/strong><\/p>\n\n\n\n<p><strong>4 &#8211; Urbino\u2026al centro!<\/strong><br>Itinerario: Palazzo Ducale\/Galleria Nazionale delle Marche, centro storico, Casa di Raffaello, Oratori di S. Giovanni e S. Giuseppe<\/p>\n\n\n\n<p><em>L&#8217;itinerario ha inizio dall&#8217;esterno del Palazzo Ducale con la visita degli spazi che ruotavano attorno alla residenza, come la Rampa del Martini, la facciata dei &#8216;Torricini&#8217; e Piazza del Rinascimento. Dopo la visita del Palazzo e delle opere di maggior interesse della Galleria Nazionale delle Marche, si procede nel centro storico con la visita del Duomo, di Piazza della Repubblica e del Punto panoramico. Nel pomeriggio si visiteranno la Casa natale di Raffaello e gli Oratori di San Giovanni e San Giuseppe.<\/em><\/p>\n\n\n\n<p>Durata del percorso: 5 ore circa (mattina e pomeriggio)<\/p>\n\n\n\n<p><strong>Tariffe (si prega di contattare i recapiti indicati)<\/strong><\/p>\n","protected":false},"excerpt":{"rendered":"<p>La citt\u00e0 di Urbino, patrimonio mondiale dell&#8217;UNESCO, \u00e8 universalmente riconosciuta come una delle capitali del Rinascimento italiano.A tale periodo rimandano infatti i numerosi edifici del&hellip;<\/p>\n","protected":false},"author":1,"featured_media":0,"parent":0,"menu_order":0,"comment_status":"closed","ping_status":"closed","template":"","meta":{"footnotes":""},"class_list":["post-67","page","type-page","status-publish","hentry"],"yoast_head":"<!-- This site is optimized with the Yoast SEO plugin v27.5 - https:\/\/yoast.com\/product\/yoast-seo-wordpress\/ -->\r\n<title>Urbino - Pesarourbino.com<\/title>\r\n<meta name=\"robots\" content=\"index, follow, max-snippet:-1, max-image-preview:large, max-video-preview:-1\" \/>\r\n<link rel=\"canonical\" href=\"https:\/\/www.pesarourbino.com\/?page_id=67\" \/>\r\n<meta property=\"og:locale\" content=\"it_IT\" \/>\r\n<meta property=\"og:type\" content=\"article\" \/>\r\n<meta property=\"og:title\" content=\"Urbino - Pesarourbino.com\" \/>\r\n<meta property=\"og:description\" content=\"La citt\u00e0 di Urbino, patrimonio mondiale dell&#8217;UNESCO, \u00e8 universalmente riconosciuta come una delle capitali del Rinascimento italiano.A tale periodo rimandano infatti i numerosi edifici del&hellip;\" \/>\r\n<meta property=\"og:url\" content=\"https:\/\/www.pesarourbino.com\/?page_id=67\" \/>\r\n<meta property=\"og:site_name\" content=\"Pesarourbino.com\" \/>\r\n<meta property=\"article:modified_time\" content=\"2025-07-09T05:52:59+00:00\" \/>\r\n<meta property=\"og:image\" content=\"https:\/\/www.pesarourbino.com\/wp-content\/uploads\/2025\/03\/palazzo_ducale_urbino-scaled.jpg\" \/>\r\n\t<meta property=\"og:image:width\" content=\"2560\" \/>\r\n\t<meta property=\"og:image:height\" content=\"2302\" \/>\r\n\t<meta property=\"og:image:type\" content=\"image\/jpeg\" \/>\r\n<meta name=\"twitter:card\" content=\"summary_large_image\" \/>\r\n<meta name=\"twitter:label1\" content=\"Tempo di lettura stimato\" \/>\n\t<meta name=\"twitter:data1\" content=\"4 minuti\" \/>\r\n<script type=\"application\/ld+json\" class=\"yoast-schema-graph\">{\"@context\":\"https:\\\/\\\/schema.org\",\"@graph\":[{\"@type\":\"WebPage\",\"@id\":\"https:\\\/\\\/www.pesarourbino.com\\\/?page_id=67\",\"url\":\"https:\\\/\\\/www.pesarourbino.com\\\/?page_id=67\",\"name\":\"Urbino - Pesarourbino.com\",\"isPartOf\":{\"@id\":\"https:\\\/\\\/www.pesarourbino.com\\\/#website\"},\"primaryImageOfPage\":{\"@id\":\"https:\\\/\\\/www.pesarourbino.com\\\/?page_id=67#primaryimage\"},\"image\":{\"@id\":\"https:\\\/\\\/www.pesarourbino.com\\\/?page_id=67#primaryimage\"},\"thumbnailUrl\":\"https:\\\/\\\/www.pesarourbino.com\\\/wp-content\\\/uploads\\\/2025\\\/03\\\/palazzo_ducale_urbino-1024x921.jpg\",\"datePublished\":\"2025-03-14T13:38:50+00:00\",\"dateModified\":\"2025-07-09T05:52:59+00:00\",\"breadcrumb\":{\"@id\":\"https:\\\/\\\/www.pesarourbino.com\\\/?page_id=67#breadcrumb\"},\"inLanguage\":\"it-IT\",\"potentialAction\":[{\"@type\":\"ReadAction\",\"target\":[\"https:\\\/\\\/www.pesarourbino.com\\\/?page_id=67\"]}]},{\"@type\":\"ImageObject\",\"inLanguage\":\"it-IT\",\"@id\":\"https:\\\/\\\/www.pesarourbino.com\\\/?page_id=67#primaryimage\",\"url\":\"https:\\\/\\\/www.pesarourbino.com\\\/wp-content\\\/uploads\\\/2025\\\/03\\\/palazzo_ducale_urbino-scaled.jpg\",\"contentUrl\":\"https:\\\/\\\/www.pesarourbino.com\\\/wp-content\\\/uploads\\\/2025\\\/03\\\/palazzo_ducale_urbino-scaled.jpg\",\"width\":2560,\"height\":2302},{\"@type\":\"BreadcrumbList\",\"@id\":\"https:\\\/\\\/www.pesarourbino.com\\\/?page_id=67#breadcrumb\",\"itemListElement\":[{\"@type\":\"ListItem\",\"position\":1,\"name\":\"Home\",\"item\":\"https:\\\/\\\/www.pesarourbino.com\\\/\"},{\"@type\":\"ListItem\",\"position\":2,\"name\":\"Urbino\"}]},{\"@type\":\"WebSite\",\"@id\":\"https:\\\/\\\/www.pesarourbino.com\\\/#website\",\"url\":\"https:\\\/\\\/www.pesarourbino.com\\\/\",\"name\":\"Pesarourbino.com\",\"description\":\"\",\"publisher\":{\"@id\":\"https:\\\/\\\/www.pesarourbino.com\\\/#organization\"},\"potentialAction\":[{\"@type\":\"SearchAction\",\"target\":{\"@type\":\"EntryPoint\",\"urlTemplate\":\"https:\\\/\\\/www.pesarourbino.com\\\/?s={search_term_string}\"},\"query-input\":{\"@type\":\"PropertyValueSpecification\",\"valueRequired\":true,\"valueName\":\"search_term_string\"}}],\"inLanguage\":\"it-IT\"},{\"@type\":\"Organization\",\"@id\":\"https:\\\/\\\/www.pesarourbino.com\\\/#organization\",\"name\":\"Pesarourbino.com\",\"url\":\"https:\\\/\\\/www.pesarourbino.com\\\/\",\"logo\":{\"@type\":\"ImageObject\",\"inLanguage\":\"it-IT\",\"@id\":\"https:\\\/\\\/www.pesarourbino.com\\\/#\\\/schema\\\/logo\\\/image\\\/\",\"url\":\"https:\\\/\\\/www.pesarourbino.com\\\/wp-content\\\/uploads\\\/2025\\\/03\\\/cropped-logo-1.jpg\",\"contentUrl\":\"https:\\\/\\\/www.pesarourbino.com\\\/wp-content\\\/uploads\\\/2025\\\/03\\\/cropped-logo-1.jpg\",\"width\":721,\"height\":351,\"caption\":\"Pesarourbino.com\"},\"image\":{\"@id\":\"https:\\\/\\\/www.pesarourbino.com\\\/#\\\/schema\\\/logo\\\/image\\\/\"}}]}<\/script>\r\n<!-- \/ Yoast SEO plugin. -->","yoast_head_json":{"title":"Urbino - Pesarourbino.com","robots":{"index":"index","follow":"follow","max-snippet":"max-snippet:-1","max-image-preview":"max-image-preview:large","max-video-preview":"max-video-preview:-1"},"canonical":"https:\/\/www.pesarourbino.com\/?page_id=67","og_locale":"it_IT","og_type":"article","og_title":"Urbino - Pesarourbino.com","og_description":"La citt\u00e0 di Urbino, patrimonio mondiale dell&#8217;UNESCO, \u00e8 universalmente riconosciuta come una delle capitali del Rinascimento italiano.A tale periodo rimandano infatti i numerosi edifici del&hellip;","og_url":"https:\/\/www.pesarourbino.com\/?page_id=67","og_site_name":"Pesarourbino.com","article_modified_time":"2025-07-09T05:52:59+00:00","og_image":[{"width":2560,"height":2302,"url":"https:\/\/www.pesarourbino.com\/wp-content\/uploads\/2025\/03\/palazzo_ducale_urbino-scaled.jpg","type":"image\/jpeg"}],"twitter_card":"summary_large_image","twitter_misc":{"Tempo di lettura stimato":"4 minuti"},"schema":{"@context":"https:\/\/schema.org","@graph":[{"@type":"WebPage","@id":"https:\/\/www.pesarourbino.com\/?page_id=67","url":"https:\/\/www.pesarourbino.com\/?page_id=67","name":"Urbino - Pesarourbino.com","isPartOf":{"@id":"https:\/\/www.pesarourbino.com\/#website"},"primaryImageOfPage":{"@id":"https:\/\/www.pesarourbino.com\/?page_id=67#primaryimage"},"image":{"@id":"https:\/\/www.pesarourbino.com\/?page_id=67#primaryimage"},"thumbnailUrl":"https:\/\/www.pesarourbino.com\/wp-content\/uploads\/2025\/03\/palazzo_ducale_urbino-1024x921.jpg","datePublished":"2025-03-14T13:38:50+00:00","dateModified":"2025-07-09T05:52:59+00:00","breadcrumb":{"@id":"https:\/\/www.pesarourbino.com\/?page_id=67#breadcrumb"},"inLanguage":"it-IT","potentialAction":[{"@type":"ReadAction","target":["https:\/\/www.pesarourbino.com\/?page_id=67"]}]},{"@type":"ImageObject","inLanguage":"it-IT","@id":"https:\/\/www.pesarourbino.com\/?page_id=67#primaryimage","url":"https:\/\/www.pesarourbino.com\/wp-content\/uploads\/2025\/03\/palazzo_ducale_urbino-scaled.jpg","contentUrl":"https:\/\/www.pesarourbino.com\/wp-content\/uploads\/2025\/03\/palazzo_ducale_urbino-scaled.jpg","width":2560,"height":2302},{"@type":"BreadcrumbList","@id":"https:\/\/www.pesarourbino.com\/?page_id=67#breadcrumb","itemListElement":[{"@type":"ListItem","position":1,"name":"Home","item":"https:\/\/www.pesarourbino.com\/"},{"@type":"ListItem","position":2,"name":"Urbino"}]},{"@type":"WebSite","@id":"https:\/\/www.pesarourbino.com\/#website","url":"https:\/\/www.pesarourbino.com\/","name":"Pesarourbino.com","description":"","publisher":{"@id":"https:\/\/www.pesarourbino.com\/#organization"},"potentialAction":[{"@type":"SearchAction","target":{"@type":"EntryPoint","urlTemplate":"https:\/\/www.pesarourbino.com\/?s={search_term_string}"},"query-input":{"@type":"PropertyValueSpecification","valueRequired":true,"valueName":"search_term_string"}}],"inLanguage":"it-IT"},{"@type":"Organization","@id":"https:\/\/www.pesarourbino.com\/#organization","name":"Pesarourbino.com","url":"https:\/\/www.pesarourbino.com\/","logo":{"@type":"ImageObject","inLanguage":"it-IT","@id":"https:\/\/www.pesarourbino.com\/#\/schema\/logo\/image\/","url":"https:\/\/www.pesarourbino.com\/wp-content\/uploads\/2025\/03\/cropped-logo-1.jpg","contentUrl":"https:\/\/www.pesarourbino.com\/wp-content\/uploads\/2025\/03\/cropped-logo-1.jpg","width":721,"height":351,"caption":"Pesarourbino.com"},"image":{"@id":"https:\/\/www.pesarourbino.com\/#\/schema\/logo\/image\/"}}]}},"_links":{"self":[{"href":"https:\/\/www.pesarourbino.com\/index.php?rest_route=\/wp\/v2\/pages\/67","targetHints":{"allow":["GET"]}}],"collection":[{"href":"https:\/\/www.pesarourbino.com\/index.php?rest_route=\/wp\/v2\/pages"}],"about":[{"href":"https:\/\/www.pesarourbino.com\/index.php?rest_route=\/wp\/v2\/types\/page"}],"author":[{"embeddable":true,"href":"https:\/\/www.pesarourbino.com\/index.php?rest_route=\/wp\/v2\/users\/1"}],"replies":[{"embeddable":true,"href":"https:\/\/www.pesarourbino.com\/index.php?rest_route=%2Fwp%2Fv2%2Fcomments&post=67"}],"version-history":[{"count":5,"href":"https:\/\/www.pesarourbino.com\/index.php?rest_route=\/wp\/v2\/pages\/67\/revisions"}],"predecessor-version":[{"id":147,"href":"https:\/\/www.pesarourbino.com\/index.php?rest_route=\/wp\/v2\/pages\/67\/revisions\/147"}],"wp:attachment":[{"href":"https:\/\/www.pesarourbino.com\/index.php?rest_route=%2Fwp%2Fv2%2Fmedia&parent=67"}],"curies":[{"name":"wp","href":"https:\/\/api.w.org\/{rel}","templated":true}]}}