{"id":38,"date":"2025-03-14T10:50:02","date_gmt":"2025-03-14T09:50:02","guid":{"rendered":"https:\/\/www.pesarourbino.com\/?page_id=38"},"modified":"2025-07-09T09:51:36","modified_gmt":"2025-07-09T07:51:36","slug":"itinerari-enogastronomici","status":"publish","type":"page","link":"https:\/\/www.pesarourbino.com\/?page_id=38","title":{"rendered":"Itinerari Enogastronomici"},"content":{"rendered":"\n<p>Sulle orme dei grandi buongustai che hanno reso famosi i prodotti enogastronomici del territorio pesarese nel mondo, come Giachino Rossini, Federico da Montefeltro, Michelangelo, vi proponiamo degli itinerari del gusto che consigliamo di abbinare alla visita classica delle citt\u00e0 d&#8217;arte. Siamo infatti convinti che un territorio, per essere scoperto e compreso fino in fondo, richieda l&#8217;uso di tutti cinque i sensi!<\/p>\n\n\n\n<p><strong>Prenota un assaggio presso i centri degustazione del territorio o direttamente presso le aziende agricole! Contattaci.<\/strong><\/p>\n\n\n\n<p><strong>TARTUFO<\/strong><br>Al tartufo sono dedicate diverse fiere nella provincia pesarese, quella di Sant&#8217;Angelo in Vado, di Pergola, di Apecchio ma la vera e propria &#8220;Citt\u00e0 del Tartufo&#8221;, rinomata in tutta Italia \u00e8 Acqualagna, riconosciuta, assieme ad Alba, come centro di raccolta e commercializzazione in Italia. Ad Acqualagna il tartufo \u00e8 presente tutto l&#8217;anno: da ottobre a dicembre c&#8217;\u00e8 il tartufo bianco pregiato, da gennaio a marzo il tartufo nero pregiato, da aprile a giugno \u00e8 tempo del tartufo nero estivo (detto scorzone) e da luglio a settembre del tartufo bianchetto (o marzuolo).<br>Quella dei tartufai \u00e8 qui una vera e propria arte che puoi scoprire partecipando ad una passeggiata alla ricerca del tartufo con un tartufaio esperto ed autorizzato nei suggestivi boschi del nostro entroterra. Naturalmente il percorso si concluder\u00e0 con una degustazione di tartufo. In alternativa puoi scegliere la sola degustazione.<\/p>\n\n\n\n<p><strong>FORMAGGIO<\/strong><br>Nel pesarese vi sono due importanti qualit\u00e0 di formaggio: la Casciotta di Urbino DOP e il Pecorino di Fossa. La <strong>Casciotta di Urbino DOP<\/strong> \u00e8 un formaggio fresco prodotto con latte ovino (per il 70\/80%) con l&#8217;aggiunta di latte vaccino (20\/30%). La maturazione del formaggio \u00e8 piuttosto rapida (20-30 giorni). Tradizione vuole che Michelangelo fosse un grande estimatore di tale formaggio. Un formaggio stagionato prodotto a Cartoceto e Talamello \u00e8 il<strong> Pecorino di Fossa,<\/strong> prodotto con latte di pecora pastorizzato ed in misura minore latte di capra ed eventualmente latte vaccino. Il suo nome deriva dal fatto che i contadini della regione usavano nasconderlo sotto terra, a quattro o cinque metri di profondit\u00e0, in cavit\u00e0 tufacee, per salvarlo dalle scorrerie dei banditi. Le forme di formaggio di fossa maturano per due o tre mesi all&#8217;aria aperta; poi, in agosto, vengono avvolte in teli bianchi, messe in una sacca, venti o venticinque per volta, avvolte nel fieno e riposte in fosse di tufo a forma di fiaschi, profonde circa 3 metri per due di diametro, dove la temperatura si aggira intorno ai 20\u00b0 C e vi \u00e8 un grado di umidit\u00e0 dell&#8217; 80-90%. Prima di essere riempite, le fosse vengono pulite bruciando paglia e sterpi e poi rivestite di paglia e canne per favorire la sgocciolatura del siero ed evitare il contatto dei formaggi con le pareti della fossa. Dopo aver stivato i sacchi dei formaggi nelle fosse, queste vengono chiuse con coperchi di legno e, come vuole la tradizione, le forme di formaggio vi rimangono per 90 giorni, fino al 25 novembre, giorno di Santa Caterina. A Cartoceto l&#8217;apertura della fossa avviene l&#8217;ultima domenica di novembre, giornata di grande festa per il paese e per gli amanti di questo indimenticabile pecorino.<br>Nelle minestre di cappelletti e passatelli oppure grattugiato, come condimento sopra primi e secondi piatti, gustato da solo o accompagnato con miele, confetture di frutta o aceto balsamico, il formaggio di fossa \u00e8 una delizia dal sapore inconfondibile. Se vuoi fare un tuffo nel passato prenota la visita delle tipiche fosse abbinata ad una degustazione.<\/p>\n\n\n\n<p><strong>OLIO DI OLIVA<\/strong><br>La Valle del Metauro, che si estende tra le citt\u00e0 di Fano e Urbino, grazie al suo clima mite, \u00e8 da sempre una zona ricca di vigneti e di antichi frantoi che producono da secoli un olio di oliva di indiscussa qualit\u00e0, eletto dalle guide tra i migliori d&#8217;Italia. <strong>L&#8217;Olio Extravergine di Oliva DOP &#8220;Cartoceto&#8221;<\/strong> \u00e8 il primo ed unico olio extravergine di oliva con il marchio DOP nelle Marche. \u00c8 prodotto dalle variet\u00e0 di olivo Raggiola, Frantoio e Leccino o altre minori come Raggia, Moraiolo o Pendolino. I metodi di raccolta delle olive sono di tipo tradizionale, con pettinatura a mano o sistemi meccanici come rastrelli pneumatici o elettrici; la raccolta per scuotimento, abbacchiatura o abscissione \u00e8 vietata. La molitura viene effettuata non oltre le 48 ore dalla raccolta e le olive sostano solo poche ore nei frantoi. Non \u00e8 ammesso il metodo di trasformazione noto come &#8220;ripasso&#8221; e non \u00e8 consentito fare uso di prodotti chimici o biochimici durante la trasformazione delle olive in olio. \u00c8 consentito il solo uso d&#8217;apparecchiature di filtraggio di tipo meccanico. Gli oli prodotti sono stoccati, fino al momento dell&#8217;imbottigliamento, in botti di acciaio inox condizionati con azoto. E&#8217; possibile degustare l&#8217;olio negli antichi frantoi di Cartoceto.<\/p>\n\n\n\n<p><strong>VINO<\/strong><br>Sono tante le vie del vino che si possono percorrere nel territorio provinciale alla ricerca del nettare degli dei. Il <strong>Rosso dei Colli Pesaresi<\/strong>, la <strong>Vernaccia<\/strong> e il <strong>Visner<\/strong> di Pergola e il <strong>Bianchello del Metauro<\/strong>, vino che, secondo la tradizione narrata da Tacito, cost\u00f2 ad Asdrubale e ai suoi soldati che ne bevvero in abbondanza, la sconfitta contro i Romani nel 207 a. C.<br>La degustazione del vino \u00e8 un&#8217;arte seducente, che si apprezza maggiormente se fatta con calma, magari nella tipica atmosfera rilassata di un&#8217;azienda agricola.<\/p>\n\n\n\n<p>Fra gli altri prodotti che potrete degustare nei ristoranti della nostra provincia vi sono: <strong>Amarene di Cantiano, Birra di Apecchio, Fave di Fratterosa, Prosciutto di Carpegna, Crescia sfogliata di Urbino, Moretta di Fano.<\/strong><\/p>\n\n\n\n<p><strong>ITINERARI ENOGASTRONOMICI<\/strong><\/p>\n\n\n\n<p>Siamo in grado di abbinare una degustazione di prodotti enogastronomici ad ogni localit\u00e0 del territorio. Ecco alcuni itinerari possibili:<\/p>\n\n\n\n<p><strong>Fano<\/strong>: visita della citt\u00e0 e pranzo di pesce.<br><strong>Pesaro<\/strong>: visita della citt\u00e0 e degustazione di prodotti tipici.<br><strong>Gradara<\/strong>: visita del castello e degustazione di prodotti tipici.<br><strong>Urbino<\/strong>: visita della citt\u00e0 e degustazione di prodotti tipici.<br><strong>Mondavio<\/strong>: visita del catello e degustazione di vino e olio presso un&#8217;azienda agricola.<br><strong>Gola del Furlo<\/strong>: visita della gola e ricerca del tartufo con degustazione\/pranzo.<br><strong>Sassocorvaro<\/strong>: visita del castello e degustazione di olio o di formaggi direttamente in azienda. Sant&#8217;Angelo in Vado: visita alla Domus del Mito e degustazione di prodotti tipici.<br><strong>San&#8217;t Angelo in Vado<\/strong>: visita alla Domus del mito e degustazione di prodotti tipici.<\/p>\n","protected":false},"excerpt":{"rendered":"<p>Sulle orme dei grandi buongustai che hanno reso famosi i prodotti enogastronomici del territorio pesarese nel mondo, come Giachino Rossini, Federico da Montefeltro, Michelangelo, vi&hellip;<\/p>\n","protected":false},"author":1,"featured_media":0,"parent":0,"menu_order":0,"comment_status":"closed","ping_status":"closed","template":"","meta":{"footnotes":""},"class_list":["post-38","page","type-page","status-publish","hentry"],"yoast_head":"<!-- This site is optimized with the Yoast SEO plugin v27.6 - https:\/\/yoast.com\/product\/yoast-seo-wordpress\/ -->\r\n<title>Itinerari Enogastronomici - Pesarourbino.com<\/title>\r\n<meta name=\"robots\" content=\"index, follow, max-snippet:-1, max-image-preview:large, max-video-preview:-1\" \/>\r\n<link rel=\"canonical\" href=\"https:\/\/www.pesarourbino.com\/?page_id=38\" \/>\r\n<meta property=\"og:locale\" content=\"it_IT\" \/>\r\n<meta property=\"og:type\" content=\"article\" \/>\r\n<meta property=\"og:title\" content=\"Itinerari Enogastronomici - Pesarourbino.com\" \/>\r\n<meta property=\"og:description\" content=\"Sulle orme dei grandi buongustai che hanno reso famosi i prodotti enogastronomici del territorio pesarese nel mondo, come Giachino Rossini, Federico da Montefeltro, Michelangelo, vi&hellip;\" \/>\r\n<meta property=\"og:url\" content=\"https:\/\/www.pesarourbino.com\/?page_id=38\" \/>\r\n<meta property=\"og:site_name\" content=\"Pesarourbino.com\" \/>\r\n<meta property=\"article:modified_time\" content=\"2025-07-09T07:51:36+00:00\" \/>\r\n<meta name=\"twitter:card\" content=\"summary_large_image\" \/>\r\n<meta name=\"twitter:label1\" content=\"Tempo di lettura stimato\" \/>\n\t<meta name=\"twitter:data1\" content=\"5 minuti\" \/>\r\n<script type=\"application\/ld+json\" class=\"yoast-schema-graph\">{\"@context\":\"https:\\\/\\\/schema.org\",\"@graph\":[{\"@type\":\"WebPage\",\"@id\":\"https:\\\/\\\/www.pesarourbino.com\\\/?page_id=38\",\"url\":\"https:\\\/\\\/www.pesarourbino.com\\\/?page_id=38\",\"name\":\"Itinerari Enogastronomici - Pesarourbino.com\",\"isPartOf\":{\"@id\":\"https:\\\/\\\/www.pesarourbino.com\\\/#website\"},\"datePublished\":\"2025-03-14T09:50:02+00:00\",\"dateModified\":\"2025-07-09T07:51:36+00:00\",\"breadcrumb\":{\"@id\":\"https:\\\/\\\/www.pesarourbino.com\\\/?page_id=38#breadcrumb\"},\"inLanguage\":\"it-IT\",\"potentialAction\":[{\"@type\":\"ReadAction\",\"target\":[\"https:\\\/\\\/www.pesarourbino.com\\\/?page_id=38\"]}]},{\"@type\":\"BreadcrumbList\",\"@id\":\"https:\\\/\\\/www.pesarourbino.com\\\/?page_id=38#breadcrumb\",\"itemListElement\":[{\"@type\":\"ListItem\",\"position\":1,\"name\":\"Home\",\"item\":\"https:\\\/\\\/www.pesarourbino.com\\\/\"},{\"@type\":\"ListItem\",\"position\":2,\"name\":\"Itinerari Enogastronomici\"}]},{\"@type\":\"WebSite\",\"@id\":\"https:\\\/\\\/www.pesarourbino.com\\\/#website\",\"url\":\"https:\\\/\\\/www.pesarourbino.com\\\/\",\"name\":\"Pesarourbino.com\",\"description\":\"\",\"publisher\":{\"@id\":\"https:\\\/\\\/www.pesarourbino.com\\\/#organization\"},\"potentialAction\":[{\"@type\":\"SearchAction\",\"target\":{\"@type\":\"EntryPoint\",\"urlTemplate\":\"https:\\\/\\\/www.pesarourbino.com\\\/?s={search_term_string}\"},\"query-input\":{\"@type\":\"PropertyValueSpecification\",\"valueRequired\":true,\"valueName\":\"search_term_string\"}}],\"inLanguage\":\"it-IT\"},{\"@type\":\"Organization\",\"@id\":\"https:\\\/\\\/www.pesarourbino.com\\\/#organization\",\"name\":\"Pesarourbino.com\",\"url\":\"https:\\\/\\\/www.pesarourbino.com\\\/\",\"logo\":{\"@type\":\"ImageObject\",\"inLanguage\":\"it-IT\",\"@id\":\"https:\\\/\\\/www.pesarourbino.com\\\/#\\\/schema\\\/logo\\\/image\\\/\",\"url\":\"https:\\\/\\\/www.pesarourbino.com\\\/wp-content\\\/uploads\\\/2025\\\/03\\\/cropped-logo-1.jpg\",\"contentUrl\":\"https:\\\/\\\/www.pesarourbino.com\\\/wp-content\\\/uploads\\\/2025\\\/03\\\/cropped-logo-1.jpg\",\"width\":721,\"height\":351,\"caption\":\"Pesarourbino.com\"},\"image\":{\"@id\":\"https:\\\/\\\/www.pesarourbino.com\\\/#\\\/schema\\\/logo\\\/image\\\/\"}}]}<\/script>\r\n<!-- \/ Yoast SEO plugin. -->","yoast_head_json":{"title":"Itinerari Enogastronomici - Pesarourbino.com","robots":{"index":"index","follow":"follow","max-snippet":"max-snippet:-1","max-image-preview":"max-image-preview:large","max-video-preview":"max-video-preview:-1"},"canonical":"https:\/\/www.pesarourbino.com\/?page_id=38","og_locale":"it_IT","og_type":"article","og_title":"Itinerari Enogastronomici - Pesarourbino.com","og_description":"Sulle orme dei grandi buongustai che hanno reso famosi i prodotti enogastronomici del territorio pesarese nel mondo, come Giachino Rossini, Federico da Montefeltro, Michelangelo, vi&hellip;","og_url":"https:\/\/www.pesarourbino.com\/?page_id=38","og_site_name":"Pesarourbino.com","article_modified_time":"2025-07-09T07:51:36+00:00","twitter_card":"summary_large_image","twitter_misc":{"Tempo di lettura stimato":"5 minuti"},"schema":{"@context":"https:\/\/schema.org","@graph":[{"@type":"WebPage","@id":"https:\/\/www.pesarourbino.com\/?page_id=38","url":"https:\/\/www.pesarourbino.com\/?page_id=38","name":"Itinerari Enogastronomici - Pesarourbino.com","isPartOf":{"@id":"https:\/\/www.pesarourbino.com\/#website"},"datePublished":"2025-03-14T09:50:02+00:00","dateModified":"2025-07-09T07:51:36+00:00","breadcrumb":{"@id":"https:\/\/www.pesarourbino.com\/?page_id=38#breadcrumb"},"inLanguage":"it-IT","potentialAction":[{"@type":"ReadAction","target":["https:\/\/www.pesarourbino.com\/?page_id=38"]}]},{"@type":"BreadcrumbList","@id":"https:\/\/www.pesarourbino.com\/?page_id=38#breadcrumb","itemListElement":[{"@type":"ListItem","position":1,"name":"Home","item":"https:\/\/www.pesarourbino.com\/"},{"@type":"ListItem","position":2,"name":"Itinerari Enogastronomici"}]},{"@type":"WebSite","@id":"https:\/\/www.pesarourbino.com\/#website","url":"https:\/\/www.pesarourbino.com\/","name":"Pesarourbino.com","description":"","publisher":{"@id":"https:\/\/www.pesarourbino.com\/#organization"},"potentialAction":[{"@type":"SearchAction","target":{"@type":"EntryPoint","urlTemplate":"https:\/\/www.pesarourbino.com\/?s={search_term_string}"},"query-input":{"@type":"PropertyValueSpecification","valueRequired":true,"valueName":"search_term_string"}}],"inLanguage":"it-IT"},{"@type":"Organization","@id":"https:\/\/www.pesarourbino.com\/#organization","name":"Pesarourbino.com","url":"https:\/\/www.pesarourbino.com\/","logo":{"@type":"ImageObject","inLanguage":"it-IT","@id":"https:\/\/www.pesarourbino.com\/#\/schema\/logo\/image\/","url":"https:\/\/www.pesarourbino.com\/wp-content\/uploads\/2025\/03\/cropped-logo-1.jpg","contentUrl":"https:\/\/www.pesarourbino.com\/wp-content\/uploads\/2025\/03\/cropped-logo-1.jpg","width":721,"height":351,"caption":"Pesarourbino.com"},"image":{"@id":"https:\/\/www.pesarourbino.com\/#\/schema\/logo\/image\/"}}]}},"_links":{"self":[{"href":"https:\/\/www.pesarourbino.com\/index.php?rest_route=\/wp\/v2\/pages\/38","targetHints":{"allow":["GET"]}}],"collection":[{"href":"https:\/\/www.pesarourbino.com\/index.php?rest_route=\/wp\/v2\/pages"}],"about":[{"href":"https:\/\/www.pesarourbino.com\/index.php?rest_route=\/wp\/v2\/types\/page"}],"author":[{"embeddable":true,"href":"https:\/\/www.pesarourbino.com\/index.php?rest_route=\/wp\/v2\/users\/1"}],"replies":[{"embeddable":true,"href":"https:\/\/www.pesarourbino.com\/index.php?rest_route=%2Fwp%2Fv2%2Fcomments&post=38"}],"version-history":[{"count":3,"href":"https:\/\/www.pesarourbino.com\/index.php?rest_route=\/wp\/v2\/pages\/38\/revisions"}],"predecessor-version":[{"id":156,"href":"https:\/\/www.pesarourbino.com\/index.php?rest_route=\/wp\/v2\/pages\/38\/revisions\/156"}],"wp:attachment":[{"href":"https:\/\/www.pesarourbino.com\/index.php?rest_route=%2Fwp%2Fv2%2Fmedia&parent=38"}],"curies":[{"name":"wp","href":"https:\/\/api.w.org\/{rel}","templated":true}]}}