{"id":11,"date":"2025-03-14T10:31:00","date_gmt":"2025-03-14T09:31:00","guid":{"rendered":"https:\/\/www.pesarourbino.com\/?page_id=11"},"modified":"2025-03-18T12:20:51","modified_gmt":"2025-03-18T11:20:51","slug":"pesaro","status":"publish","type":"page","link":"https:\/\/www.pesarourbino.com\/?page_id=11","title":{"rendered":"Pesaro"},"content":{"rendered":"<div class=\"wp-block-image\">\n<figure class=\"alignright size-full is-resized\"><img loading=\"lazy\" decoding=\"async\" width=\"134\" height=\"145\" src=\"https:\/\/www.pesarourbino.com\/wp-content\/uploads\/2025\/03\/Rossini-1.bmp\" alt=\"\" class=\"wp-image-14\" style=\"width:162px;height:auto\"\/><\/figure>\n<\/div>\n\n\n<div class=\"wp-block-group is-nowrap is-layout-flex wp-container-core-group-is-layout-ad2f72ca wp-block-group-is-layout-flex\">\n<p class=\"has-text-align-left is-style-default\">PESARO<br>Gioachino Rossini<br>La citt\u00e0, famosa per aver dato i natali al grande compositore Gioachino Rossini, \u00e8 un sito storico di notevole importanza, con testimonianze architettoniche e artistiche di varie epoche.<br>Il <strong>Palazzo Ducale<\/strong>, che sorge nel cuore del centro storico, offre ancora oggi importanti tracce del passaggio delle grandi famiglie Malatesta, Sforza e Della Rovere.<br>Tra i musei principali della citt\u00e0 vi sono i <strong>Musei civici<\/strong>, ospitati a <strong>Palazzo Mosca<\/strong> , che, recentemente rinnovati nell&#8217;allestimento, espongono ceramiche, opere pittoriche, sculture e arredi di grandissimo pregio.<br>Per gli appassionati del genere, di grande interesse anche la <strong>Casa natale di Rossini<\/strong> che oggi ospita un interessante museo dedicato all\u2019artista e il Museo Nazionale Rossini che ripercorre la vita e le opere del compositore. Al circuito museale cittadino si aggiunge l&#8217;<strong>Area Archeologica di via dell&#8217;Abbondanza<\/strong>, esempio di abitazione signorile della prima et\u00e0 imperiale romana (I sec. a.C.).<br>A pochi passi dall&#8217;area archeologica sorge la <strong>Cattedrale<\/strong> che custodisce al suo interno una doppia pavimentazione a mosaico di grande bellezza e perfettamente conservata, risalente ai secoli IV e VI d.C., con motivi geometrici, floreali, zoomorfi.<br>Altre chiese di grande interesse sono il <strong>Santuario della Madonna delle Grazie<\/strong> (ex Chiesa di S. Francesco) e la <strong>Chiesa di S. Agostino<\/strong>, entrambe abbellite da due portali scolpiti dell&#8217;epoca gotica e custodi di belle opere d&#8217;arte.<br>Ma tanti sono anche i piccoli tesori, spesso non accessibili al pubblico, disseminati nel centro storico come la <strong>Sinagoga o Rocca Costanza<\/strong>.<\/p>\n<\/div>\n\n\n\n<p class=\"has-text-align-left\">\u2026\u2026\u2026\u2026\u2026\u2026\u2026\u2026\u2026\u2026\u2026\u2026\u2026\u2026\u2026\u2026\u2026\u2026\u2026\u2026\u2026\u2026\u2026\u2026\u2026\u2026\u2026\u2026\u2026\u2026..<\/p>\n\n\n\n<p class=\"has-text-align-left has-medium-font-size\"><strong>VISITE GUIDATE DI MEZZA GIORNATA<\/strong><br><br><strong>1 &#8211; Pesaro al centro<\/strong><br>Itinerario: Cattedrale, Casa Rossini e Musei Civici, Piazza del Popolo, Chiesa di San Francesco, Rocca Costanza (esterno).<\/p>\n\n\n\n<p>Grazie alla sua storia millenaria, oggi Pesaro pu\u00f2 vantare un centro storico ricchissimo, con ville, palazzi nobiliari, chiese e musei che custodiscono opere d\u2019arte di grande valore. Il percorso andr\u00e0 alla ricerca delle tante testimonianze del passato, spesso nascoste da successivi interventi architettonici di un moderno centro storico, per far rivivere gli antichi fasti di questa citt\u00e0.<\/p>\n\n\n\n<p>Durata del percorso: 2 ore circa<\/p>\n\n\n\n<p><strong>Tariffe (si prega di contattare i recapiti indicati)<\/strong><br>\u2026\u2026\u2026\u2026\u2026\u2026\u2026\u2026\u2026\u2026\u2026\u2026\u2026\u2026\u2026\u2026\u2026\u2026\u2026\u2026\u2026\u2026\u2026\u2026\u2026\u2026\u2026\u2026\u2026\u2026..<\/p>\n\n\n\n<p><strong>2 &#8211; Il Cigno di Pesaro<\/strong><br>Itinerario: Casa Rossini, Museo Nazionale Rossini, Teatro<\/p>\n\n\n\n<p>Per gli appassionati della musica ecco un itinerario dedicato alla scoperta dei luoghi rossiniani, dalla casa natale che conserva i cimeli del compositore, al teatro da lui inaugurato e a lui intitolato fino al Conservatorio di Musica, fondato proprio per volont\u00e0 di Rossini.<\/p>\n\n\n\n<p>Durata del percorso:2 ore circa<\/p>\n\n\n\n<p><strong>Tariffe (si prega di contattare i recapiti indicati)<\/strong><br>\u2026\u2026\u2026\u2026\u2026\u2026\u2026\u2026\u2026\u2026\u2026\u2026\u2026\u2026\u2026\u2026\u2026\u2026\u2026\u2026\u2026\u2026\u2026\u2026\u2026\u2026\u2026\u2026\u2026\u2026..<\/p>\n\n\n\n<p class=\"has-medium-font-size\">VISITE GUIDATE DI UNA GIORNATA<\/p>\n\n\n\n<p><strong>3 &#8211; Pesaro dentro e fuori le mura<\/strong><br>Itinerario: Cattedrale, Casa Rossini o Museo Nazionale Rossini, Musei Civici, Palazzo Ducale, Chiesa di San Francesco, Chiesa di S. Agostino, Rocca Costanza (esterno), Piazza della Libert\u00e0 (lungomare)<\/p>\n\n\n\n<p>L&#8217;identit\u00e0 di Pesaro passa soprattutto attraverso i luoghi del suo passato che definiscono la &#8220;forma&#8221; di una citt\u00e0 che \u00e8 oggi tra i principali centri economici e amministrativi della regione.<br>Il percorso si snoda fuori e dentro le mura immaginarie dell&#8217;antica colonia di Pisaurum per attraversare, nelle tante testimonianze storico-artistiche, secoli di storia.<\/p>\n\n\n\n<p>Durata del percorso: 5 ore circa (mattina e pomeriggio)<\/p>\n\n\n\n<p><strong>Tariffe (si prega di contattare i recapiti indicati)<\/strong><\/p>\n","protected":false},"excerpt":{"rendered":"<p>PESAROGioachino RossiniLa citt\u00e0, famosa per aver dato i natali al grande compositore Gioachino Rossini, \u00e8 un sito storico di notevole importanza, con testimonianze architettoniche e&hellip;<\/p>\n","protected":false},"author":1,"featured_media":0,"parent":0,"menu_order":0,"comment_status":"closed","ping_status":"closed","template":"","meta":{"footnotes":""},"class_list":["post-11","page","type-page","status-publish","hentry"],"yoast_head":"<!-- This site is optimized with the Yoast SEO plugin v27.5 - https:\/\/yoast.com\/product\/yoast-seo-wordpress\/ -->\r\n<title>Pesaro - Pesarourbino.com<\/title>\r\n<meta name=\"robots\" content=\"index, follow, max-snippet:-1, max-image-preview:large, max-video-preview:-1\" \/>\r\n<link rel=\"canonical\" href=\"https:\/\/www.pesarourbino.com\/?page_id=11\" \/>\r\n<meta property=\"og:locale\" content=\"it_IT\" \/>\r\n<meta property=\"og:type\" content=\"article\" \/>\r\n<meta property=\"og:title\" content=\"Pesaro - Pesarourbino.com\" \/>\r\n<meta property=\"og:description\" content=\"PESAROGioachino RossiniLa citt\u00e0, famosa per aver dato i natali al grande compositore Gioachino Rossini, \u00e8 un sito storico di notevole importanza, con testimonianze architettoniche e&hellip;\" \/>\r\n<meta property=\"og:url\" content=\"https:\/\/www.pesarourbino.com\/?page_id=11\" \/>\r\n<meta property=\"og:site_name\" content=\"Pesarourbino.com\" \/>\r\n<meta property=\"article:modified_time\" content=\"2025-03-18T11:20:51+00:00\" \/>\r\n<meta name=\"twitter:card\" content=\"summary_large_image\" \/>\r\n<meta name=\"twitter:label1\" content=\"Tempo di lettura stimato\" \/>\n\t<meta name=\"twitter:data1\" content=\"3 minuti\" \/>\r\n<script type=\"application\/ld+json\" class=\"yoast-schema-graph\">{\"@context\":\"https:\\\/\\\/schema.org\",\"@graph\":[{\"@type\":\"WebPage\",\"@id\":\"https:\\\/\\\/www.pesarourbino.com\\\/?page_id=11\",\"url\":\"https:\\\/\\\/www.pesarourbino.com\\\/?page_id=11\",\"name\":\"Pesaro - Pesarourbino.com\",\"isPartOf\":{\"@id\":\"https:\\\/\\\/www.pesarourbino.com\\\/#website\"},\"primaryImageOfPage\":{\"@id\":\"https:\\\/\\\/www.pesarourbino.com\\\/?page_id=11#primaryimage\"},\"image\":{\"@id\":\"https:\\\/\\\/www.pesarourbino.com\\\/?page_id=11#primaryimage\"},\"thumbnailUrl\":\"https:\\\/\\\/www.pesarourbino.com\\\/wp-content\\\/uploads\\\/2025\\\/03\\\/Rossini-1.bmp\",\"datePublished\":\"2025-03-14T09:31:00+00:00\",\"dateModified\":\"2025-03-18T11:20:51+00:00\",\"breadcrumb\":{\"@id\":\"https:\\\/\\\/www.pesarourbino.com\\\/?page_id=11#breadcrumb\"},\"inLanguage\":\"it-IT\",\"potentialAction\":[{\"@type\":\"ReadAction\",\"target\":[\"https:\\\/\\\/www.pesarourbino.com\\\/?page_id=11\"]}]},{\"@type\":\"ImageObject\",\"inLanguage\":\"it-IT\",\"@id\":\"https:\\\/\\\/www.pesarourbino.com\\\/?page_id=11#primaryimage\",\"url\":\"https:\\\/\\\/www.pesarourbino.com\\\/wp-content\\\/uploads\\\/2025\\\/03\\\/Rossini-1.bmp\",\"contentUrl\":\"https:\\\/\\\/www.pesarourbino.com\\\/wp-content\\\/uploads\\\/2025\\\/03\\\/Rossini-1.bmp\",\"width\":134,\"height\":145},{\"@type\":\"BreadcrumbList\",\"@id\":\"https:\\\/\\\/www.pesarourbino.com\\\/?page_id=11#breadcrumb\",\"itemListElement\":[{\"@type\":\"ListItem\",\"position\":1,\"name\":\"Home\",\"item\":\"https:\\\/\\\/www.pesarourbino.com\\\/\"},{\"@type\":\"ListItem\",\"position\":2,\"name\":\"Pesaro\"}]},{\"@type\":\"WebSite\",\"@id\":\"https:\\\/\\\/www.pesarourbino.com\\\/#website\",\"url\":\"https:\\\/\\\/www.pesarourbino.com\\\/\",\"name\":\"Pesarourbino.com\",\"description\":\"\",\"publisher\":{\"@id\":\"https:\\\/\\\/www.pesarourbino.com\\\/#organization\"},\"potentialAction\":[{\"@type\":\"SearchAction\",\"target\":{\"@type\":\"EntryPoint\",\"urlTemplate\":\"https:\\\/\\\/www.pesarourbino.com\\\/?s={search_term_string}\"},\"query-input\":{\"@type\":\"PropertyValueSpecification\",\"valueRequired\":true,\"valueName\":\"search_term_string\"}}],\"inLanguage\":\"it-IT\"},{\"@type\":\"Organization\",\"@id\":\"https:\\\/\\\/www.pesarourbino.com\\\/#organization\",\"name\":\"Pesarourbino.com\",\"url\":\"https:\\\/\\\/www.pesarourbino.com\\\/\",\"logo\":{\"@type\":\"ImageObject\",\"inLanguage\":\"it-IT\",\"@id\":\"https:\\\/\\\/www.pesarourbino.com\\\/#\\\/schema\\\/logo\\\/image\\\/\",\"url\":\"https:\\\/\\\/www.pesarourbino.com\\\/wp-content\\\/uploads\\\/2025\\\/03\\\/cropped-logo-1.jpg\",\"contentUrl\":\"https:\\\/\\\/www.pesarourbino.com\\\/wp-content\\\/uploads\\\/2025\\\/03\\\/cropped-logo-1.jpg\",\"width\":721,\"height\":351,\"caption\":\"Pesarourbino.com\"},\"image\":{\"@id\":\"https:\\\/\\\/www.pesarourbino.com\\\/#\\\/schema\\\/logo\\\/image\\\/\"}}]}<\/script>\r\n<!-- \/ Yoast SEO plugin. -->","yoast_head_json":{"title":"Pesaro - Pesarourbino.com","robots":{"index":"index","follow":"follow","max-snippet":"max-snippet:-1","max-image-preview":"max-image-preview:large","max-video-preview":"max-video-preview:-1"},"canonical":"https:\/\/www.pesarourbino.com\/?page_id=11","og_locale":"it_IT","og_type":"article","og_title":"Pesaro - Pesarourbino.com","og_description":"PESAROGioachino RossiniLa citt\u00e0, famosa per aver dato i natali al grande compositore Gioachino Rossini, \u00e8 un sito storico di notevole importanza, con testimonianze architettoniche e&hellip;","og_url":"https:\/\/www.pesarourbino.com\/?page_id=11","og_site_name":"Pesarourbino.com","article_modified_time":"2025-03-18T11:20:51+00:00","twitter_card":"summary_large_image","twitter_misc":{"Tempo di lettura stimato":"3 minuti"},"schema":{"@context":"https:\/\/schema.org","@graph":[{"@type":"WebPage","@id":"https:\/\/www.pesarourbino.com\/?page_id=11","url":"https:\/\/www.pesarourbino.com\/?page_id=11","name":"Pesaro - Pesarourbino.com","isPartOf":{"@id":"https:\/\/www.pesarourbino.com\/#website"},"primaryImageOfPage":{"@id":"https:\/\/www.pesarourbino.com\/?page_id=11#primaryimage"},"image":{"@id":"https:\/\/www.pesarourbino.com\/?page_id=11#primaryimage"},"thumbnailUrl":"https:\/\/www.pesarourbino.com\/wp-content\/uploads\/2025\/03\/Rossini-1.bmp","datePublished":"2025-03-14T09:31:00+00:00","dateModified":"2025-03-18T11:20:51+00:00","breadcrumb":{"@id":"https:\/\/www.pesarourbino.com\/?page_id=11#breadcrumb"},"inLanguage":"it-IT","potentialAction":[{"@type":"ReadAction","target":["https:\/\/www.pesarourbino.com\/?page_id=11"]}]},{"@type":"ImageObject","inLanguage":"it-IT","@id":"https:\/\/www.pesarourbino.com\/?page_id=11#primaryimage","url":"https:\/\/www.pesarourbino.com\/wp-content\/uploads\/2025\/03\/Rossini-1.bmp","contentUrl":"https:\/\/www.pesarourbino.com\/wp-content\/uploads\/2025\/03\/Rossini-1.bmp","width":134,"height":145},{"@type":"BreadcrumbList","@id":"https:\/\/www.pesarourbino.com\/?page_id=11#breadcrumb","itemListElement":[{"@type":"ListItem","position":1,"name":"Home","item":"https:\/\/www.pesarourbino.com\/"},{"@type":"ListItem","position":2,"name":"Pesaro"}]},{"@type":"WebSite","@id":"https:\/\/www.pesarourbino.com\/#website","url":"https:\/\/www.pesarourbino.com\/","name":"Pesarourbino.com","description":"","publisher":{"@id":"https:\/\/www.pesarourbino.com\/#organization"},"potentialAction":[{"@type":"SearchAction","target":{"@type":"EntryPoint","urlTemplate":"https:\/\/www.pesarourbino.com\/?s={search_term_string}"},"query-input":{"@type":"PropertyValueSpecification","valueRequired":true,"valueName":"search_term_string"}}],"inLanguage":"it-IT"},{"@type":"Organization","@id":"https:\/\/www.pesarourbino.com\/#organization","name":"Pesarourbino.com","url":"https:\/\/www.pesarourbino.com\/","logo":{"@type":"ImageObject","inLanguage":"it-IT","@id":"https:\/\/www.pesarourbino.com\/#\/schema\/logo\/image\/","url":"https:\/\/www.pesarourbino.com\/wp-content\/uploads\/2025\/03\/cropped-logo-1.jpg","contentUrl":"https:\/\/www.pesarourbino.com\/wp-content\/uploads\/2025\/03\/cropped-logo-1.jpg","width":721,"height":351,"caption":"Pesarourbino.com"},"image":{"@id":"https:\/\/www.pesarourbino.com\/#\/schema\/logo\/image\/"}}]}},"_links":{"self":[{"href":"https:\/\/www.pesarourbino.com\/index.php?rest_route=\/wp\/v2\/pages\/11","targetHints":{"allow":["GET"]}}],"collection":[{"href":"https:\/\/www.pesarourbino.com\/index.php?rest_route=\/wp\/v2\/pages"}],"about":[{"href":"https:\/\/www.pesarourbino.com\/index.php?rest_route=\/wp\/v2\/types\/page"}],"author":[{"embeddable":true,"href":"https:\/\/www.pesarourbino.com\/index.php?rest_route=\/wp\/v2\/users\/1"}],"replies":[{"embeddable":true,"href":"https:\/\/www.pesarourbino.com\/index.php?rest_route=%2Fwp%2Fv2%2Fcomments&post=11"}],"version-history":[{"count":3,"href":"https:\/\/www.pesarourbino.com\/index.php?rest_route=\/wp\/v2\/pages\/11\/revisions"}],"predecessor-version":[{"id":124,"href":"https:\/\/www.pesarourbino.com\/index.php?rest_route=\/wp\/v2\/pages\/11\/revisions\/124"}],"wp:attachment":[{"href":"https:\/\/www.pesarourbino.com\/index.php?rest_route=%2Fwp%2Fv2%2Fmedia&parent=11"}],"curies":[{"name":"wp","href":"https:\/\/api.w.org\/{rel}","templated":true}]}}